{"id":61,"date":"2021-02-12T15:40:10","date_gmt":"2021-02-12T15:40:10","guid":{"rendered":"http:\/\/www.coaching-direct.ch\/?page_id=61"},"modified":"2021-02-14T12:39:03","modified_gmt":"2021-02-14T12:39:03","slug":"colibri-wp","status":"publish","type":"page","link":"http:\/\/www.coaching-direct.ch\/","title":{"rendered":"Front Page"},"content":{"rendered":"<div data-colibri-id=\"61-c1\" class=\"style-191 style-local-61-c1 position-relative\">\n  <!---->\n  <div data-colibri-component=\"section\" data-colibri-id=\"61-c2\" id=\"overlappable-2\" class=\"h-section h-section-global-spacing d-flex align-items-lg-center align-items-md-center align-items-center style-192 style-local-61-c2 position-relative\">\n    <!---->\n    <!---->\n    <div class=\"h-section-grid-container h-section-boxed-container\">\n      <!---->\n      <div data-colibri-id=\"61-c3\" class=\"h-row-container gutters-row-lg-2 gutters-row-md-2 gutters-row-2 gutters-row-v-lg-2 gutters-row-v-md-2 gutters-row-v-2 style-193 style-local-61-c3 position-relative\">\n        <!---->\n        <div class=\"h-row justify-content-lg-center justify-content-md-center justify-content-center align-items-lg-stretch align-items-md-stretch align-items-stretch gutters-col-lg-2 gutters-col-md-2 gutters-col-2 gutters-col-v-lg-2 gutters-col-v-md-2 gutters-col-v-2\">\n          <!---->\n          <div class=\"h-column h-column-container d-flex h-col-lg-4 h-col-md-4 h-col-12 style-194-outer style-local-61-c4-outer\">\n            <div data-colibri-id=\"61-c4\" class=\"d-flex h-flex-basis h-column__inner h-px-lg-3 h-px-md-3 h-px-3 v-inner-lg-3 v-inner-md-3 v-inner-3 style-194 style-local-61-c4 position-relative\">\n              <!---->\n              <!---->\n              <div class=\"w-100 h-y-container h-column__content h-column__v-align flex-basis-100 align-self-lg-start align-self-md-start align-self-start\">\n                <!---->\n                <div data-colibri-id=\"61-c5\" class=\"h-icon style-195 style-local-61-c5 position-relative h-element\">\n                  <!----><span class=\"h-svg-icon h-icon__icon style-195-icon style-local-61-c5-icon\"><!--Icon by Icons8 Line Awesome (https:\/\/icons8.com\/line-awesome)--><svg version=\"1.1\" xmlns=\"http:\/\/www.w3.org\/2000\/svg\" xmlns:xlink=\"http:\/\/www.w3.org\/1999\/xlink\" id=\"leaf\" viewBox=\"0 0 512 545.5\"><path d=\"M400.5 96l5 17.5s26.5 89.852 26.5 215c0 63.926-14.74 106.186-37.5 132.5s-52.894 35-77.5 35c-27.645 0-51.295-12.546-70-25.5s-34.633-27.689-37.5-29.5l17-27c11.26 7.116 22.365 18.826 38.5 30s34.764 20 52 20c17.33 0 36.812-5.282 53-24s30-52.515 30-111.5c0-104.02-16.347-170.547-21.5-190-55.068 20.418-119.215 29.69-171 48-28.617 10.117-52.54 22.984-69 41S112 268.736 112 304c0 31.01 16.935 50.286 35.5 63.5 9.643 6.863 18.992 11.174 26 14 27.515-43.906 69.69-98.517 135-168.5l23 22c-108.93 116.724-150.854 189.68-166 234-7.573 22.16-8.485 37.122-8 48s3.47 16.933 2.5 28.5l-32-3c-.026.32-1.855-9.552-2.5-24s.755-34.41 9.5-60c4.84-14.16 12.1-30.69 22-49-8.192-3.648-17.916-8.822-28-16-23.634-16.82-49-46.35-49-89.5 0-41.68 13.332-74.283 35-98s50.693-38.432 82-49.5c62.614-22.137 136.144-30.534 187-53z\"><\/path><\/svg><\/span><\/div>\n                <div\n                  data-colibri-id=\"61-c6\" class=\"h-global-transition-all h-heading style-196 style-local-61-c6 position-relative h-element\">\n                  <!---->\n                  <div class=\"h-heading__outer style-196 style-local-61-c6\">\n                    <!---->\n                    <!---->\n                    <h4 class=\"\">Pers\u00f6nlich<\/h4>\n                  <\/div>\n              <\/div>\n              <div data-colibri-id=\"61-c7\" class=\"h-text h-text-component style-197 style-local-61-c7 position-relative h-element\">\n                <!---->\n                <!---->\n                <div class=\"\">\n                  <p>Erfahre mehr \u00fcber mich<\/p>\n                <\/div>\n              <\/div>\n            <\/div>\n          <\/div>\n        <\/div>\n        <div class=\"h-column h-column-container d-flex h-col-lg-4 h-col-md-4 h-col-12 style-198-outer style-local-61-c8-outer\">\n          <div data-colibri-id=\"61-c8\" class=\"d-flex h-flex-basis h-column__inner h-px-lg-3 h-px-md-3 h-px-3 v-inner-lg-3 v-inner-md-3 v-inner-3 style-198 style-local-61-c8 position-relative\">\n            <!---->\n            <!---->\n            <div class=\"w-100 h-y-container h-column__content h-column__v-align flex-basis-100 align-self-lg-start align-self-md-start align-self-start\">\n              <!---->\n              <div data-colibri-id=\"61-c9\" class=\"h-icon style-195 style-local-61-c9 position-relative h-element\">\n                <!----><span class=\"h-svg-icon h-icon__icon style-195-icon style-local-61-c9-icon\"><!--Icon by Icons8 Line Awesome (https:\/\/icons8.com\/line-awesome)--><svg version=\"1.1\" xmlns=\"http:\/\/www.w3.org\/2000\/svg\" xmlns:xlink=\"http:\/\/www.w3.org\/1999\/xlink\" id=\"book\" viewBox=\"0 0 512 545.5\"><path d=\"M160 112c46.716 0 87.714 15.696 96 19 8.286-3.304 49.284-19 96-19 51.633 0 102 21 102 21l10 4.5V464H283.5c-5.535 9.55-15.662 16-27.5 16s-21.965-6.45-27.5-16H48V137.5l10-4.5s50.367-21 102-21zm0 32c-35.185 0-67.71 11.04-80 15.5v258c19-6.27 46.35-14 80-14 32.912 0 62.207 8.096 80 14v-258c-16.003-5.485-49.065-15.5-80-15.5zm192 0c-30.935 0-63.997 10.015-80 15.5v258c17.793-5.904 47.088-14 80-14 33.65 0 61 7.73 80 14v-258c-12.29-4.46-44.815-15.5-80-15.5z\"><\/path><\/svg><\/span><\/div>\n              <div\n                data-colibri-id=\"61-c10\" class=\"h-global-transition-all h-heading style-196 style-local-61-c10 position-relative h-element\">\n                <!---->\n                <div class=\"h-heading__outer style-196 style-local-61-c10\">\n                  <!---->\n                  <!---->\n                  <h4 class=\"\">Coaching<\/h4>\n                <\/div>\n            <\/div>\n            <div data-colibri-id=\"61-c11\" class=\"h-text h-text-component style-197 style-local-61-c11 position-relative h-element\">\n              <!---->\n              <!---->\n              <div class=\"\">\n                <p>Erfahre mehr \u00fcber meine&nbsp; &nbsp;Coaching Philosophie<\/p>\n              <\/div>\n            <\/div>\n          <\/div>\n        <\/div>\n      <\/div>\n      <div class=\"h-column h-column-container d-flex h-col-lg-4 h-col-md-4 h-col-12 style-199-outer style-local-61-c12-outer\">\n        <div data-colibri-id=\"61-c12\" class=\"d-flex h-flex-basis h-column__inner h-px-lg-3 h-px-md-3 h-px-3 v-inner-lg-3 v-inner-md-3 v-inner-3 style-199 style-local-61-c12 position-relative\">\n          <!---->\n          <!---->\n          <div class=\"w-100 h-y-container h-column__content h-column__v-align flex-basis-100 align-self-lg-start align-self-md-start align-self-start\">\n            <!---->\n            <div data-colibri-id=\"61-c13\" class=\"h-icon style-195 style-local-61-c13 position-relative h-element\">\n              <!----><span class=\"h-svg-icon h-icon__icon style-195-icon style-local-61-c13-icon\"><!--Icon by Icons8 Line Awesome (https:\/\/icons8.com\/line-awesome)--><svg version=\"1.1\" xmlns=\"http:\/\/www.w3.org\/2000\/svg\" xmlns:xlink=\"http:\/\/www.w3.org\/1999\/xlink\" id=\"archive\" viewBox=\"0 0 512 545.5\"><path d=\"M64 112h384v96h-16v256H80V208H64v-96zm32 32v32h320v-32H96zm16 64v224h288V208H112zm93 32c.207-.01.543-.018.75-.018s.543.008.75.018c.207-.01.543-.018.75-.018s.543.008.75.018h96l.227-.002c8.833 0 16 7.17 16 16.002s-7.167 16.002-16 16.002L304 272h-96c-.413.04-1.085.07-1.5.07-8.87 0-16.07-7.2-16.07-16.07 0-8.078 6.527-15.246 14.57-16z\"><\/path><\/svg><\/span><\/div>\n            <div\n              data-colibri-id=\"61-c14\" class=\"h-global-transition-all h-heading style-196 style-local-61-c14 position-relative h-element\">\n              <!---->\n              <div class=\"h-heading__outer style-196 style-local-61-c14\">\n                <!---->\n                <!---->\n                <h4 class=\"\">Themen<\/h4>\n              <\/div>\n          <\/div>\n          <div data-colibri-id=\"61-c15\" class=\"h-text h-text-component style-197 style-local-61-c15 position-relative h-element\">\n            <!---->\n            <!---->\n            <div class=\"\">\n              <p>Entdecke welche Themen ich anbieten kann<\/p>\n            <\/div>\n          <\/div>\n        <\/div>\n      <\/div>\n    <\/div>\n  <\/div>\n<\/div>\n<\/div>\n<\/div>\n<\/div>","protected":false},"excerpt":{"rendered":"<p>Pers\u00f6nlich Erfahre mehr \u00fcber mich Coaching Erfahre mehr \u00fcber meine&nbsp; &nbsp;Coaching Philosophie Themen Entdecke welche Themen ich anbieten kann<\/p>\n","protected":false},"author":1,"featured_media":0,"parent":0,"menu_order":0,"comment_status":"closed","ping_status":"closed","template":"page-templates\/homepage.php","meta":[],"_links":{"self":[{"href":"http:\/\/www.coaching-direct.ch\/index.php?rest_route=\/wp\/v2\/pages\/61"}],"collection":[{"href":"http:\/\/www.coaching-direct.ch\/index.php?rest_route=\/wp\/v2\/pages"}],"about":[{"href":"http:\/\/www.coaching-direct.ch\/index.php?rest_route=\/wp\/v2\/types\/page"}],"author":[{"embeddable":true,"href":"http:\/\/www.coaching-direct.ch\/index.php?rest_route=\/wp\/v2\/users\/1"}],"replies":[{"embeddable":true,"href":"http:\/\/www.coaching-direct.ch\/index.php?rest_route=%2Fwp%2Fv2%2Fcomments&post=61"}],"version-history":[{"count":20,"href":"http:\/\/www.coaching-direct.ch\/index.php?rest_route=\/wp\/v2\/pages\/61\/revisions"}],"predecessor-version":[{"id":320,"href":"http:\/\/www.coaching-direct.ch\/index.php?rest_route=\/wp\/v2\/pages\/61\/revisions\/320"}],"wp:attachment":[{"href":"http:\/\/www.coaching-direct.ch\/index.php?rest_route=%2Fwp%2Fv2%2Fmedia&parent=61"}],"curies":[{"name":"wp","href":"https:\/\/api.w.org\/{rel}","templated":true}]}}